{"id":336,"date":"2014-08-31T13:52:16","date_gmt":"2014-08-31T11:52:16","guid":{"rendered":"http:\/\/www.grupposalingolpe.it\/?page_id=336"},"modified":"2015-12-01T22:00:46","modified_gmt":"2015-12-01T21:00:46","slug":"donazioni","status":"publish","type":"page","link":"https:\/\/www.grupposalingolpe.it\/?page_id=336","title":{"rendered":"DONAZIONI"},"content":{"rendered":"<p>&nbsp;<\/p>\n<p style=\"text-align: justify;\"><span style=\"color: #993366;\"><strong>DONARE<\/strong> <\/span>\u00e8 importante! Con le donazioni di privati e aziende del nostro territorio possiamo portare avanti progetti di tutela, ricerca storica e valorizzazione di Beni Culturali! Offrire il proprio supporto per uno scopo comune e che interessa la Storia e la Cultura della collettivit\u00e0 \u00e8 un grande gesto di altruismo.<\/p>\n<p style=\"text-align: justify;\">Sono tante le possibilit\u00e0 che lo Stato offre a chi effettua una donazione di ricevere detrazioni fiscali.<\/p>\n<p><span style=\"color: #993366;\"><strong>EROGAZIONI LIBERALI<\/strong><\/span> in favore di enti ed associazioni di volontariato.<\/p>\n<p style=\"text-align: justify;\">L\u2019erogazione liberale in <i>denaro<\/i> effettuata a favore di una <i>Organizzazione di volontariato<\/i> \u00e8 <i>detraibile<\/i> al 26% a partire da quelle effettuate dal 2015 (art. 15, co. 1.1, DPR n. 917\/1986, come modificato da art 1, co. 137, lett a) e 138, L. n. 190\/2014), fino ad una erogazione massima di \u20ac 30.000.<\/p>\n<p><span style=\"color: #993366;\"><strong>5 x 1000.<\/strong><\/span><\/p>\n<p style=\"text-align: justify;\">Il <strong>cinque per mille<\/strong> \u00e8 una forma di finanziamento che <strong>non comporta oneri aggiuntivi al contribuente\u00a0<\/strong>(se lo facesse o meno, non cambierebbe nulla in termini di spesa economica), dal momento che questi, tramite la compilazione dell\u2019apposita sezione nella dichiarazione dei redditi, sceglie semplicemente la destinazione di una quota della propria IRPEF. Il contribuente che decide di destinare la propria quota di 5 per mille deve firmare in uno dei 6 riquadri (volontariato e organizzazioni di utilit\u00e0 sociale; ricerca scientifica e universit\u00e0; ricerca sanitaria; attivit\u00e0 di tutela, promozione e valorizzazione dei beni culturali, ECC.) che figurano sui modelli di dichiarazione dei redditi (730, modello Unico PF, CUD) e indicare il codice fiscale del singolo soggetto (ente, associazione, onlus\u2026) a cui ha deciso di destinare direttamente la quota del suo 5 per mille.<\/p>\n<p style=\"text-align: justify;\">CI STIAMO ORGANIZZANDO anche per la ricezione del 5&#215;1000, se sei interessato a donarci il tuo, <span style=\"color: #993366;\"><a href=\"http:\/\/www.grupposalingolpe.it\/segnalazioni\/\" target=\"_blank\"><span style=\"color: #993366;\"><strong>CONTATTACI<\/strong> <\/span><\/a>\u00a0<\/span>il prima possibile, ti aiuteremo a disporre immediatamente la pratica.<\/p>\n<p>&nbsp;<\/p>\n<p>&nbsp;<\/p>\n<p><span style=\"color: #993366;\"><strong><em>HANNO\u00a0GI\u00c0\u00a0DONATO, PROMOSSO E SOSTENUTO I NOSTRI PROGETTI, LE SEGUENTI IMPRESE\/ISTITUZIONI:<\/em><\/strong><\/span><\/p>\n<p>&nbsp;<\/p>\n<p>&nbsp;<\/p>\n<p><strong><em>\n<div class=\"ngg-galleryoverview ngg-slideshow\"\n\tid=\"ngg-slideshow-5c43692576df2b96a18e13aa6619e3d6-16776946380\"\n\tdata-gallery-id=\"5c43692576df2b96a18e13aa6619e3d6\"\n\tstyle=\"max-width: 600px;\n\t\t\tmax-height: 400px;\n\t\t\tdisplay: none;\">\n\n\t\n\t\t<a href=\"https:\/\/www.grupposalingolpe.it\/wp-content\/gallery\/loghi\/LECCIA_NEW_LOGOok.jpg\"\n\t\t\ttitle=\"Castello La Leccia\"\n\t\t\tdata-src=\"https:\/\/www.grupposalingolpe.it\/wp-content\/gallery\/loghi\/LECCIA_NEW_LOGOok.jpg\"\n\t\t\tdata-thumbnail=\"https:\/\/www.grupposalingolpe.it\/wp-content\/gallery\/loghi\/thumbs\/thumbs_LECCIA_NEW_LOGOok.jpg\"\n\t\t\tdata-image-id=\"60\"\n\t\t\tdata-title=\"Castello La Leccia\"\n\t\t\tdata-description=\"Castello La Leccia\"\n\t\t\t\t\t\t\t\t\t\t\t\t\t\t\tclass=\"ngg-fancybox\" rel=\"5c43692576df2b96a18e13aa6619e3d6\">\n\t\t\t\n\t\t\t<img data-image-id='60'\n\t\t\t\ttitle=\"Castello La Leccia\"\n\t\t\t\talt=\"Castello La Leccia\"\n\t\t\t\tsrc=\"https:\/\/www.grupposalingolpe.it\/wp-content\/gallery\/loghi\/LECCIA_NEW_LOGOok.jpg\"\n\t\t\t\tstyle=\"max-height: 380px;\"\/>\n\t\t<\/a>\n\n\t\t\n\t\t<a href=\"https:\/\/www.grupposalingolpe.it\/wp-content\/gallery\/loghi\/logo-le-volte.JPG\"\n\t\t\ttitle=\"Enoteca Le Volte\"\n\t\t\tdata-src=\"https:\/\/www.grupposalingolpe.it\/wp-content\/gallery\/loghi\/logo-le-volte.JPG\"\n\t\t\tdata-thumbnail=\"https:\/\/www.grupposalingolpe.it\/wp-content\/gallery\/loghi\/thumbs\/thumbs_logo-le-volte.JPG\"\n\t\t\tdata-image-id=\"61\"\n\t\t\tdata-title=\"Enoteca Le Volte\"\n\t\t\tdata-description=\"Enoteca Le Volte\"\n\t\t\t\t\t\t\t\t\t\t\t\t\t\t\tclass=\"ngg-fancybox\" rel=\"5c43692576df2b96a18e13aa6619e3d6\">\n\t\t\t\n\t\t\t<img data-image-id='61'\n\t\t\t\ttitle=\"Enoteca Le Volte\"\n\t\t\t\talt=\"Enoteca Le Volte\"\n\t\t\t\tsrc=\"https:\/\/www.grupposalingolpe.it\/wp-content\/gallery\/loghi\/logo-le-volte.JPG\"\n\t\t\t\tstyle=\"max-height: 380px;\"\/>\n\t\t<\/a>\n\n\t\t\n\t\t<a href=\"https:\/\/www.grupposalingolpe.it\/wp-content\/gallery\/loghi\/220234_492055807486338_1352020344_o.jpg\"\n\t\t\ttitle=\"Foto Ottica Le Volte\"\n\t\t\tdata-src=\"https:\/\/www.grupposalingolpe.it\/wp-content\/gallery\/loghi\/220234_492055807486338_1352020344_o.jpg\"\n\t\t\tdata-thumbnail=\"https:\/\/www.grupposalingolpe.it\/wp-content\/gallery\/loghi\/thumbs\/thumbs_220234_492055807486338_1352020344_o.jpg\"\n\t\t\tdata-image-id=\"62\"\n\t\t\tdata-title=\"Foto Ottica Le Volte\"\n\t\t\tdata-description=\"Foto Ottica Le Volte\"\n\t\t\t\t\t\t\t\t\t\t\t\t\t\t\tclass=\"ngg-fancybox\" rel=\"5c43692576df2b96a18e13aa6619e3d6\">\n\t\t\t\n\t\t\t<img data-image-id='62'\n\t\t\t\ttitle=\"Foto Ottica Le Volte\"\n\t\t\t\talt=\"Foto Ottica Le Volte\"\n\t\t\t\tsrc=\"https:\/\/www.grupposalingolpe.it\/wp-content\/gallery\/loghi\/220234_492055807486338_1352020344_o.jpg\"\n\t\t\t\tstyle=\"max-height: 380px;\"\/>\n\t\t<\/a>\n\n\t\t\n\t\t<a href=\"https:\/\/www.grupposalingolpe.it\/wp-content\/gallery\/loghi\/46669_150522154966985_392078_n.jpg\"\n\t\t\ttitle=\"Tenuta Casanova di Sant&#039;Agnese in Chianti\"\n\t\t\tdata-src=\"https:\/\/www.grupposalingolpe.it\/wp-content\/gallery\/loghi\/46669_150522154966985_392078_n.jpg\"\n\t\t\tdata-thumbnail=\"https:\/\/www.grupposalingolpe.it\/wp-content\/gallery\/loghi\/thumbs\/thumbs_46669_150522154966985_392078_n.jpg\"\n\t\t\tdata-image-id=\"63\"\n\t\t\tdata-title=\"Tenuta Casanova di Sant&#039;Agnese in Chianti\"\n\t\t\tdata-description=\"Tenuta Casanova di Sant&#039;Agnese in Chianti\"\n\t\t\t\t\t\t\t\t\t\t\t\t\t\t\tclass=\"ngg-fancybox\" rel=\"5c43692576df2b96a18e13aa6619e3d6\">\n\t\t\t\n\t\t\t<img data-image-id='63'\n\t\t\t\ttitle=\"Tenuta Casanova di Sant&#039;Agnese in Chianti\"\n\t\t\t\talt=\"Tenuta Casanova di Sant&#039;Agnese in Chianti\"\n\t\t\t\tsrc=\"https:\/\/www.grupposalingolpe.it\/wp-content\/gallery\/loghi\/46669_150522154966985_392078_n.jpg\"\n\t\t\t\tstyle=\"max-height: 380px;\"\/>\n\t\t<\/a>\n\n\t\t\n\t\t<a href=\"https:\/\/www.grupposalingolpe.it\/wp-content\/gallery\/loghi\/logo-regione.jpg\"\n\t\t\ttitle=\"Regione Toscana\"\n\t\t\tdata-src=\"https:\/\/www.grupposalingolpe.it\/wp-content\/gallery\/loghi\/logo-regione.jpg\"\n\t\t\tdata-thumbnail=\"https:\/\/www.grupposalingolpe.it\/wp-content\/gallery\/loghi\/thumbs\/thumbs_logo-regione.jpg\"\n\t\t\tdata-image-id=\"46\"\n\t\t\tdata-title=\"logo regione\"\n\t\t\tdata-description=\"Regione Toscana\"\n\t\t\t\t\t\t\t\t\t\t\t\t\t\t\tclass=\"ngg-fancybox\" rel=\"5c43692576df2b96a18e13aa6619e3d6\">\n\t\t\t\n\t\t\t<img data-image-id='46'\n\t\t\t\ttitle=\"Regione Toscana\"\n\t\t\t\talt=\"logo regione\"\n\t\t\t\tsrc=\"https:\/\/www.grupposalingolpe.it\/wp-content\/gallery\/loghi\/logo-regione.jpg\"\n\t\t\t\tstyle=\"max-height: 380px;\"\/>\n\t\t<\/a>\n\n\t\t\n\t\t<a href=\"https:\/\/www.grupposalingolpe.it\/wp-content\/gallery\/loghi\/banca-di-cambiano.png\"\n\t\t\ttitle=\"Banca di Cambiano\"\n\t\t\tdata-src=\"https:\/\/www.grupposalingolpe.it\/wp-content\/gallery\/loghi\/banca-di-cambiano.png\"\n\t\t\tdata-thumbnail=\"https:\/\/www.grupposalingolpe.it\/wp-content\/gallery\/loghi\/thumbs\/thumbs_banca-di-cambiano.png\"\n\t\t\tdata-image-id=\"42\"\n\t\t\tdata-title=\"banca di cambiano\"\n\t\t\tdata-description=\"Banca di Cambiano\"\n\t\t\t\t\t\t\t\t\t\t\t\t\t\t\tclass=\"ngg-fancybox\" rel=\"5c43692576df2b96a18e13aa6619e3d6\">\n\t\t\t\n\t\t\t<img data-image-id='42'\n\t\t\t\ttitle=\"Banca di Cambiano\"\n\t\t\t\talt=\"banca di cambiano\"\n\t\t\t\tsrc=\"https:\/\/www.grupposalingolpe.it\/wp-content\/gallery\/loghi\/banca-di-cambiano.png\"\n\t\t\t\tstyle=\"max-height: 380px;\"\/>\n\t\t<\/a>\n\n\t\t\n\t\t<a href=\"https:\/\/www.grupposalingolpe.it\/wp-content\/gallery\/loghi\/stemma-1.jpg\"\n\t\t\ttitle=\"Comune di Castellina in Chianti\"\n\t\t\tdata-src=\"https:\/\/www.grupposalingolpe.it\/wp-content\/gallery\/loghi\/stemma-1.jpg\"\n\t\t\tdata-thumbnail=\"https:\/\/www.grupposalingolpe.it\/wp-content\/gallery\/loghi\/thumbs\/thumbs_stemma-1.jpg\"\n\t\t\tdata-image-id=\"49\"\n\t\t\tdata-title=\"stemma (1)\"\n\t\t\tdata-description=\"Comune di Castellina in Chianti\"\n\t\t\t\t\t\t\t\t\t\t\t\t\t\t\tclass=\"ngg-fancybox\" rel=\"5c43692576df2b96a18e13aa6619e3d6\">\n\t\t\t\n\t\t\t<img data-image-id='49'\n\t\t\t\ttitle=\"Comune di Castellina in Chianti\"\n\t\t\t\talt=\"stemma (1)\"\n\t\t\t\tsrc=\"https:\/\/www.grupposalingolpe.it\/wp-content\/gallery\/loghi\/stemma-1.jpg\"\n\t\t\t\tstyle=\"max-height: 380px;\"\/>\n\t\t<\/a>\n\n\t\t\n\t\t<a href=\"https:\/\/www.grupposalingolpe.it\/wp-content\/gallery\/loghi\/BOTT-VERDE.jpg\"\n\t\t\ttitle=\"La Bottega Galleria d&#039;Arte\"\n\t\t\tdata-src=\"https:\/\/www.grupposalingolpe.it\/wp-content\/gallery\/loghi\/BOTT-VERDE.jpg\"\n\t\t\tdata-thumbnail=\"https:\/\/www.grupposalingolpe.it\/wp-content\/gallery\/loghi\/thumbs\/thumbs_BOTT-VERDE.jpg\"\n\t\t\tdata-image-id=\"43\"\n\t\t\tdata-title=\"BOTT-VERDE\"\n\t\t\tdata-description=\"La Bottega Galleria d&#039;Arte\"\n\t\t\t\t\t\t\t\t\t\t\t\t\t\t\tclass=\"ngg-fancybox\" rel=\"5c43692576df2b96a18e13aa6619e3d6\">\n\t\t\t\n\t\t\t<img data-image-id='43'\n\t\t\t\ttitle=\"La Bottega Galleria d&#039;Arte\"\n\t\t\t\talt=\"BOTT-VERDE\"\n\t\t\t\tsrc=\"https:\/\/www.grupposalingolpe.it\/wp-content\/gallery\/loghi\/BOTT-VERDE.jpg\"\n\t\t\t\tstyle=\"max-height: 380px;\"\/>\n\t\t<\/a>\n\n\t\t\n\t\t<a href=\"https:\/\/www.grupposalingolpe.it\/wp-content\/gallery\/loghi\/cellese.png\"\n\t\t\ttitle=\"Azienda Agricola Il Cellese\"\n\t\t\tdata-src=\"https:\/\/www.grupposalingolpe.it\/wp-content\/gallery\/loghi\/cellese.png\"\n\t\t\tdata-thumbnail=\"https:\/\/www.grupposalingolpe.it\/wp-content\/gallery\/loghi\/thumbs\/thumbs_cellese.png\"\n\t\t\tdata-image-id=\"44\"\n\t\t\tdata-title=\"cellese\"\n\t\t\tdata-description=\"Azienda Agricola Il Cellese\"\n\t\t\t\t\t\t\t\t\t\t\t\t\t\t\tclass=\"ngg-fancybox\" rel=\"5c43692576df2b96a18e13aa6619e3d6\">\n\t\t\t\n\t\t\t<img data-image-id='44'\n\t\t\t\ttitle=\"Azienda Agricola Il Cellese\"\n\t\t\t\talt=\"cellese\"\n\t\t\t\tsrc=\"https:\/\/www.grupposalingolpe.it\/wp-content\/gallery\/loghi\/cellese.png\"\n\t\t\t\tstyle=\"max-height: 380px;\"\/>\n\t\t<\/a>\n\n\t\t\n\t\t<a href=\"https:\/\/www.grupposalingolpe.it\/wp-content\/gallery\/loghi\/logo-pellett.jpg\"\n\t\t\ttitle=\"Pelletteria Cappelletti\"\n\t\t\tdata-src=\"https:\/\/www.grupposalingolpe.it\/wp-content\/gallery\/loghi\/logo-pellett.jpg\"\n\t\t\tdata-thumbnail=\"https:\/\/www.grupposalingolpe.it\/wp-content\/gallery\/loghi\/thumbs\/thumbs_logo-pellett.jpg\"\n\t\t\tdata-image-id=\"45\"\n\t\t\tdata-title=\"logo pellett\"\n\t\t\tdata-description=\"Pelletteria Cappelletti\"\n\t\t\t\t\t\t\t\t\t\t\t\t\t\t\tclass=\"ngg-fancybox\" rel=\"5c43692576df2b96a18e13aa6619e3d6\">\n\t\t\t\n\t\t\t<img data-image-id='45'\n\t\t\t\ttitle=\"Pelletteria Cappelletti\"\n\t\t\t\talt=\"logo pellett\"\n\t\t\t\tsrc=\"https:\/\/www.grupposalingolpe.it\/wp-content\/gallery\/loghi\/logo-pellett.jpg\"\n\t\t\t\tstyle=\"max-height: 380px;\"\/>\n\t\t<\/a>\n\n\t\t\n\t\t<a href=\"https:\/\/www.grupposalingolpe.it\/wp-content\/gallery\/loghi\/toscanaccio.png\"\n\t\t\ttitle=\"Il Toscanaccio\"\n\t\t\tdata-src=\"https:\/\/www.grupposalingolpe.it\/wp-content\/gallery\/loghi\/toscanaccio.png\"\n\t\t\tdata-thumbnail=\"https:\/\/www.grupposalingolpe.it\/wp-content\/gallery\/loghi\/thumbs\/thumbs_toscanaccio.png\"\n\t\t\tdata-image-id=\"50\"\n\t\t\tdata-title=\"toscanaccio\"\n\t\t\tdata-description=\"Il Toscanaccio\"\n\t\t\t\t\t\t\t\t\t\t\t\t\t\t\tclass=\"ngg-fancybox\" rel=\"5c43692576df2b96a18e13aa6619e3d6\">\n\t\t\t\n\t\t\t<img data-image-id='50'\n\t\t\t\ttitle=\"Il Toscanaccio\"\n\t\t\t\talt=\"toscanaccio\"\n\t\t\t\tsrc=\"https:\/\/www.grupposalingolpe.it\/wp-content\/gallery\/loghi\/toscanaccio.png\"\n\t\t\t\tstyle=\"max-height: 380px;\"\/>\n\t\t<\/a>\n\n\t\t\n\t\t<a href=\"https:\/\/www.grupposalingolpe.it\/wp-content\/gallery\/loghi\/logo-trattoria-la-torre.jpg\"\n\t\t\ttitle=\"Antica Trattoria La Torre\"\n\t\t\tdata-src=\"https:\/\/www.grupposalingolpe.it\/wp-content\/gallery\/loghi\/logo-trattoria-la-torre.jpg\"\n\t\t\tdata-thumbnail=\"https:\/\/www.grupposalingolpe.it\/wp-content\/gallery\/loghi\/thumbs\/thumbs_logo-trattoria-la-torre.jpg\"\n\t\t\tdata-image-id=\"47\"\n\t\t\tdata-title=\"logo trattoria la torre\"\n\t\t\tdata-description=\"Antica Trattoria La Torre\"\n\t\t\t\t\t\t\t\t\t\t\t\t\t\t\tclass=\"ngg-fancybox\" rel=\"5c43692576df2b96a18e13aa6619e3d6\">\n\t\t\t\n\t\t\t<img data-image-id='47'\n\t\t\t\ttitle=\"Antica Trattoria La Torre\"\n\t\t\t\talt=\"logo trattoria la torre\"\n\t\t\t\tsrc=\"https:\/\/www.grupposalingolpe.it\/wp-content\/gallery\/loghi\/logo-trattoria-la-torre.jpg\"\n\t\t\t\tstyle=\"max-height: 380px;\"\/>\n\t\t<\/a>\n\n\t\t\n\t\t<a href=\"https:\/\/www.grupposalingolpe.it\/wp-content\/gallery\/loghi\/rontini.png\"\n\t\t\ttitle=\"Andrea Rontini fotografo\"\n\t\t\tdata-src=\"https:\/\/www.grupposalingolpe.it\/wp-content\/gallery\/loghi\/rontini.png\"\n\t\t\tdata-thumbnail=\"https:\/\/www.grupposalingolpe.it\/wp-content\/gallery\/loghi\/thumbs\/thumbs_rontini.png\"\n\t\t\tdata-image-id=\"48\"\n\t\t\tdata-title=\"rontini\"\n\t\t\tdata-description=\"Andrea Rontini fotografo\"\n\t\t\t\t\t\t\t\t\t\t\t\t\t\t\tclass=\"ngg-fancybox\" rel=\"5c43692576df2b96a18e13aa6619e3d6\">\n\t\t\t\n\t\t\t<img data-image-id='48'\n\t\t\t\ttitle=\"Andrea Rontini fotografo\"\n\t\t\t\talt=\"rontini\"\n\t\t\t\tsrc=\"https:\/\/www.grupposalingolpe.it\/wp-content\/gallery\/loghi\/rontini.png\"\n\t\t\t\tstyle=\"max-height: 380px;\"\/>\n\t\t<\/a>\n\n\t\t<\/div>\n\n\n<\/em><\/strong><\/p>\n","protected":false},"excerpt":{"rendered":"<p>&nbsp; DONARE \u00e8 importante! Con le donazioni di privati e aziende del nostro territorio possiamo portare avanti progetti di tutela, ricerca storica e valorizzazione di Beni Culturali! Offrire il proprio supporto per uno scopo comune e che interessa la Storia e la Cultura della collettivit\u00e0 \u00e8 un grande gesto di altruismo. Sono tante le possibilit\u00e0 che lo Stato offre a chi effettua una donazione di ricevere detrazioni fiscali. EROGAZIONI LIBERALI in favore di enti ed associazioni di volontariato. L\u2019erogazione liberale in denaro effettuata a favore di una Organizzazione di volontariato \u00e8 detraibile al 26% a partire da quelle effettuate dal 2015 (art. 15, co. 1.1, DPR n. 917\/1986, come modificato da art 1, co. 137, lett a) e 138, L. n. 190\/2014), fino ad una erogazione massima di \u20ac 30.000. 5 x 1000. Il cinque per mille \u00e8 una forma di finanziamento che non comporta oneri aggiuntivi al contribuente\u00a0(se lo facesse o meno, non cambierebbe nulla in termini di spesa economica), dal momento che questi, tramite la compilazione dell\u2019apposita sezione nella dichiarazione dei redditi, sceglie semplicemente la destinazione di una quota della propria IRPEF. Il contribuente che decide di destinare la propria quota di 5 per mille deve firmare in [&hellip;]<\/p>\n","protected":false},"author":1,"featured_media":0,"parent":0,"menu_order":0,"comment_status":"open","ping_status":"open","template":"","meta":{"ngg_post_thumbnail":0,"footnotes":""},"class_list":["post-336","page","type-page","status-publish","hentry"],"_links":{"self":[{"href":"https:\/\/www.grupposalingolpe.it\/index.php?rest_route=\/wp\/v2\/pages\/336","targetHints":{"allow":["GET"]}}],"collection":[{"href":"https:\/\/www.grupposalingolpe.it\/index.php?rest_route=\/wp\/v2\/pages"}],"about":[{"href":"https:\/\/www.grupposalingolpe.it\/index.php?rest_route=\/wp\/v2\/types\/page"}],"author":[{"embeddable":true,"href":"https:\/\/www.grupposalingolpe.it\/index.php?rest_route=\/wp\/v2\/users\/1"}],"replies":[{"embeddable":true,"href":"https:\/\/www.grupposalingolpe.it\/index.php?rest_route=%2Fwp%2Fv2%2Fcomments&post=336"}],"version-history":[{"count":8,"href":"https:\/\/www.grupposalingolpe.it\/index.php?rest_route=\/wp\/v2\/pages\/336\/revisions"}],"predecessor-version":[{"id":561,"href":"https:\/\/www.grupposalingolpe.it\/index.php?rest_route=\/wp\/v2\/pages\/336\/revisions\/561"}],"wp:attachment":[{"href":"https:\/\/www.grupposalingolpe.it\/index.php?rest_route=%2Fwp%2Fv2%2Fmedia&parent=336"}],"curies":[{"name":"wp","href":"https:\/\/api.w.org\/{rel}","templated":true}]}}