{"id":197,"date":"2014-08-09T18:33:16","date_gmt":"2014-08-09T16:33:16","guid":{"rendered":"http:\/\/www.grupposalingolpe.it\/?page_id=197"},"modified":"2014-08-31T19:07:19","modified_gmt":"2014-08-31T17:07:19","slug":"madonna-del-latte-di-castellina-storia-studio-e-restauro","status":"publish","type":"page","link":"https:\/\/www.grupposalingolpe.it\/?page_id=197","title":{"rendered":"Madonna del Latte. Storia, studio e restauro"},"content":{"rendered":"<p style=\"text-align: justify;\">Il quattrocentesco affresco della <strong>Madonna del Latte con angeli e i santi Giovanni Battista e Galgano<\/strong>, attribuito alla bottega fiorentina di Bicci di Lorenzo e, recentemente, al Maestro di Signa suo allievo, \u00e8 il bene culturale, di tipo artistico, pi\u00f9 importante della comunit\u00e0 di Castellina in Chianti . Il pi\u00f9 antico ad essere ancora presente nel luogo di origine, cio\u00e8 nella chiesa del SS. Salvatore, e quotidianamente fruibile al pubblico. Un\u2019opera artistica meravigliosa per fattura, caratteri stilistici, iconografia e che testimonia, anche in questo piccolo ma suggestivo angolo di mondo, un\u2019evidente segno dell\u2019esteriorit\u00e0 religiosa presso il quale, per ben sei secoli, il popolo si riuniva e si riunisce tutt\u2019oggi con profonda devozione, creando momenti di riflessione e cordiali occasioni di aggregazione sociale.<\/p>\n<p style=\"text-align: justify;\"><a href=\"http:\/\/www.grupposalingolpe.it\/wp-content\/uploads\/2014\/08\/madonnadellatte.jpg\"><img loading=\"lazy\" decoding=\"async\" class=\"aligncenter wp-image-296 size-medium\" src=\"http:\/\/www.grupposalingolpe.it\/wp-content\/uploads\/2014\/08\/madonnadellatte-212x300.jpg\" alt=\"\" width=\"212\" height=\"300\" srcset=\"https:\/\/www.grupposalingolpe.it\/wp-content\/uploads\/2014\/08\/madonnadellatte-212x300.jpg 212w, https:\/\/www.grupposalingolpe.it\/wp-content\/uploads\/2014\/08\/madonnadellatte.jpg 534w\" sizes=\"auto, (max-width: 212px) 100vw, 212px\" \/><\/a><br \/>\nIl recupero ottenuto con l\u2019intervento restaurativo nonch\u00e9 la presente pubblicazione, che intende valorizzare ancor pi\u00f9 questa testimonianza di civilt\u00e0, ci permettono di riscoprire l\u2019estrema rilevanza dell\u2019opera artistica in relazione al luogo di commissione. Nel volume sono presenti interventi di vari studiosi riguardanti sia l\u2019aspetto artistico dell\u2019affresco che aspetti meramente storici; quest\u2019ultimi in particolare cercano di offrire, adottando un dialogo chiaro, semplice e non eccessivamente accademico pur mantenendo una veste rigorosamente scientifica, una visuale generale dell\u2019organizzazione di gruppi laici interessati a promuovere localmente attivit\u00e0 solidaristiche nonch\u00e9 di supporto al culto, per meglio comprendere il significato ed i compiti dell\u2019esperienza confraternale in periodo medievale e moderno. Si approfondisce, inoltre, con documenti d\u2019archivio inediti e per la prima volta studiati e pubblicati, la compagine civile e religiosa di Castellina, la travagliata realt\u00e0 quattrocentesca, scandita spesso dagli incisivi scontri militari tra Siena e Firenze, al fine di rilevare importanti sfumature di un periodo storico cos\u00ec lontano ma che rappresent\u00f2 la nuova genesi della comunit\u00e0 (Castellina viene ricostruita e fortificata a partire dal 1400).<\/p>\n<p style=\"text-align: justify;\">\nIn questa pubblicazione si \u00e8 dato ampio spazio agli aspetti prettamente artistici, attraverso solidi contributi propedeutici concernenti l\u2019analisi stilistica della madonna allattante, le sue caratteristiche iconografiche ed il simbolismo, il particolare e specifico culto popolare di tipo mariano, sempre presente a livello locale e maggiormente sviluppatosi nei secoli successivi al Quattrocento. Si \u00e8 ritenuto utile, se non proprio indispensabile, inserire anche un intervento relativo al processo di restauro, in modo tale da spiegare dettagliatamente questa straordinaria disciplina ai non addetti ai lavori nonch\u00e9, specificatamente, le modalit\u00e0 operative intraprese per il restauro estetico e conservativo dell\u2019affresco castellinese.<\/p>\n<p>.<\/p>\n<p><strong>LEGGI<\/strong> <span style=\"color: #333399;\"><a href=\"http:\/\/www.grupposalingolpe.it\/wp-content\/uploads\/2014\/08\/present.png\" target=\"_blank\"><span style=\"color: #333399;\">l&#8217;introduzione della dott.ssa Maria Emanuele, Funzionario di Area della Soprintendenza senese ai Beni Artistici<\/span><\/a><\/span><\/p>\n<p><strong>LEGGI<\/strong>\u00a0<span style=\"color: #333399;\"><a href=\"http:\/\/www.grupposalingolpe.it\/wp-content\/uploads\/2014\/08\/prefaz.png\" target=\"_blank\"><span style=\"color: #333399;\">la prefazione del dott. Paolo Bambagioni, Consigliere della Regione Toscana<\/span><\/a><\/span><\/p>\n","protected":false},"excerpt":{"rendered":"<p>Il quattrocentesco affresco della Madonna del Latte con angeli e i santi Giovanni Battista e Galgano, attribuito alla bottega fiorentina di Bicci di Lorenzo e, recentemente, al Maestro di Signa suo allievo, \u00e8 il bene culturale, di tipo artistico, pi\u00f9 importante della comunit\u00e0 di Castellina in Chianti . Il pi\u00f9 antico ad essere ancora presente nel luogo di origine, cio\u00e8 nella chiesa del SS. Salvatore, e quotidianamente fruibile al pubblico. Un\u2019opera artistica meravigliosa per fattura, caratteri stilistici, iconografia e che testimonia, anche in questo piccolo ma suggestivo angolo di mondo, un\u2019evidente segno dell\u2019esteriorit\u00e0 religiosa presso il quale, per ben sei secoli, il popolo si riuniva e si riunisce tutt\u2019oggi con profonda devozione, creando momenti di riflessione e cordiali occasioni di aggregazione sociale. Il recupero ottenuto con l\u2019intervento restaurativo nonch\u00e9 la presente pubblicazione, che intende valorizzare ancor pi\u00f9 questa testimonianza di civilt\u00e0, ci permettono di riscoprire l\u2019estrema rilevanza dell\u2019opera artistica in relazione al luogo di commissione. Nel volume sono presenti interventi di vari studiosi riguardanti sia l\u2019aspetto artistico dell\u2019affresco che aspetti meramente storici; quest\u2019ultimi in particolare cercano di offrire, adottando un dialogo chiaro, semplice e non eccessivamente accademico pur mantenendo una veste rigorosamente scientifica, una visuale generale dell\u2019organizzazione di gruppi laici [&hellip;]<\/p>\n","protected":false},"author":1,"featured_media":0,"parent":21,"menu_order":2,"comment_status":"open","ping_status":"open","template":"","meta":{"ngg_post_thumbnail":0,"footnotes":""},"class_list":["post-197","page","type-page","status-publish","hentry"],"_links":{"self":[{"href":"https:\/\/www.grupposalingolpe.it\/index.php?rest_route=\/wp\/v2\/pages\/197","targetHints":{"allow":["GET"]}}],"collection":[{"href":"https:\/\/www.grupposalingolpe.it\/index.php?rest_route=\/wp\/v2\/pages"}],"about":[{"href":"https:\/\/www.grupposalingolpe.it\/index.php?rest_route=\/wp\/v2\/types\/page"}],"author":[{"embeddable":true,"href":"https:\/\/www.grupposalingolpe.it\/index.php?rest_route=\/wp\/v2\/users\/1"}],"replies":[{"embeddable":true,"href":"https:\/\/www.grupposalingolpe.it\/index.php?rest_route=%2Fwp%2Fv2%2Fcomments&post=197"}],"version-history":[{"count":6,"href":"https:\/\/www.grupposalingolpe.it\/index.php?rest_route=\/wp\/v2\/pages\/197\/revisions"}],"predecessor-version":[{"id":392,"href":"https:\/\/www.grupposalingolpe.it\/index.php?rest_route=\/wp\/v2\/pages\/197\/revisions\/392"}],"up":[{"embeddable":true,"href":"https:\/\/www.grupposalingolpe.it\/index.php?rest_route=\/wp\/v2\/pages\/21"}],"wp:attachment":[{"href":"https:\/\/www.grupposalingolpe.it\/index.php?rest_route=%2Fwp%2Fv2%2Fmedia&parent=197"}],"curies":[{"name":"wp","href":"https:\/\/api.w.org\/{rel}","templated":true}]}}