{"id":195,"date":"2014-08-09T18:32:43","date_gmt":"2014-08-09T16:32:43","guid":{"rendered":"http:\/\/www.grupposalingolpe.it\/?page_id=195"},"modified":"2014-08-31T19:06:03","modified_gmt":"2014-08-31T17:06:03","slug":"san-fausto-martire-patrono-di-castellina","status":"publish","type":"page","link":"https:\/\/www.grupposalingolpe.it\/?page_id=195","title":{"rendered":"San Fausto Martire Patrono di Castellina"},"content":{"rendered":"<p style=\"text-align: center;\"><span style=\"color: #993366;\"><strong>L&#8217;ARRIVO DELLE RELIQUIE E LA GENESI DEL CULTO<\/strong><\/span><\/p>\n<p style=\"text-align: justify;\">Il saggio storico \u00e8 il risultato di un&#8217;attenta ed analitica ricerca sulle antiche documentazioni locali, prodotte dalle soppresse compagnie religiose (secc. XV-XVIII) di Castellina in Chianti.\u00a0Le ricerche condotte dal dott. Vito De Meo hanno permesso l\u201findividuazione di documenti inediti, per la prima volta individuati e studiati, inerenti il culto di san Fausto Martire, attuale patrono del paese, apportando significativi contributi. Pochissimo si sapeva in termini storici dell&#8217;arrivo di queste reliquie, destinate fin da subito alla profonda adorazione. Il presente studio, dunque, intende offrire un valido contributo sul periodo in cui furono donate le reliquie, da chi esattamente, quali le condizioni imposte per beneficiare della donazione, quando inizi\u00f2 a divenire ricorrenza frequente la festa in onore di san Fausto. E ancora, chi esattamente della nobile famiglia fiorentina degli Ugolini don\u00f2 a Castellina il suo Protettore? Che ruolo ebbe nella societ\u00e0 del Seicento? Come mai l&#8217;origine di san Fausto si colloca proprio al Cerreto e non in altra localit\u00e0? Questi e tanti altri aspetti finora irrisolti sono svelati con rigore scientifico, attraverso il rinvenimento di importanti documenti d&#8217;archivio inediti che consentono, finalmente, di ricostruire per la prima volta l&#8217;arrivo delle reliquie e la genesi del culto nella comunit\u00e0 di Castellina in Chianti. Il libro \u00e8 corredato anche da un&#8217;interessantissima appendice foto-documentale dove \u00e8 presente un dettagliato elenco dei capo-festaioli di San Fausto a partire dal 1661.<\/p>\n<p style=\"text-align: justify;\">La pubblicazione \u00e8 stata resa possibile grazie al fondamentale contributo del Gruppo Archeologico Salingolpe e alla sinergia instaurata con Archeoclub d&#8217;Italia &#8211; Sede Nazionale.\u00a0<span style=\"color: #000000;\">La presentazione ufficiale del volume \u00e8 stata effettuata il<\/span><b style=\"color: #000000;\">\u00a018 ottobre\u00a02013\u00a0in via Cavour 4, Firenze<\/b><span style=\"color: #000000;\">. Nel Palazzo Panciatichi, sede istituzionale del <strong>Consiglio Regionale della Toscana<\/strong>. \u00a0L&#8217;occasione ha permesso\u00a0di portare al di fuori dei confini comunali uno spaccato di storia inedita castellinese direttamente nel capoluogo fiorentino e nel cuore dell&#8217;apparato politico-amministrativo dell&#8217;intera regione: il Consiglio Regionale. All&#8217;iniziativa parteciparono i seguenti relatori:\u00a0prof.ssa Anna Benvenuti, Direttrice SAGAS dell&#8217;Universit\u00e0 degli Studi di Firenze; prof.ssa Isabella Gagliardi, docente di storia medievale presso l&#8217;Universit\u00e0 degli Studi di Firenze; prof. Alessandro Falassi, Antropologo dell&#8217;Universit\u00e0 per Stranieri di Siena; dott. Claudio Zucchelli, Presidente Nazionale dell&#8217;Archeoclub d&#8217;Italia e Consigliere di Stato; \u00a0mons. Gino Giannini, ex parroco del SS. Salvatore di Castellina, \u00a0il giornalista de La Nazione Andrea Ciappi come moderatore.<\/span><\/p>\n<p style=\"text-align: justify;\"><strong>Il volume \u00e8 reperibile<\/strong> attraverso i tradizionali canali editoriali. A Castellina \u00e8 disponibile presso l&#8217;Edicola, La Galleria d&#8217;Arte &#8220;Le Botteghe&#8221; in via Ferruccio 43 e la Trattoria &#8220;La Torre&#8221; sita in Piazza del Comune.<\/p>\n<p style=\"text-align: justify;\">\n<p>\n<div class=\"ngg-galleryoverview ngg-slideshow\"\n\tid=\"ngg-slideshow-486b47b4708c84a7342d7a06e4920d6e-241580490\"\n\tdata-gallery-id=\"486b47b4708c84a7342d7a06e4920d6e\"\n\tstyle=\"max-width: 600px;\n\t\t\tmax-height: 400px;\n\t\t\tdisplay: none;\">\n\n\t\n\t\t<a href=\"https:\/\/www.grupposalingolpe.it\/wp-content\/gallery\/pubb-fausto\/1375643_10202374401744274_1760108487_n.jpg\"\n\t\t\ttitle=\"Invito alla presentazione\"\n\t\t\tdata-src=\"https:\/\/www.grupposalingolpe.it\/wp-content\/gallery\/pubb-fausto\/1375643_10202374401744274_1760108487_n.jpg\"\n\t\t\tdata-thumbnail=\"https:\/\/www.grupposalingolpe.it\/wp-content\/gallery\/pubb-fausto\/thumbs\/thumbs_1375643_10202374401744274_1760108487_n.jpg\"\n\t\t\tdata-image-id=\"11\"\n\t\t\tdata-title=\"Invito alla presentazione\"\n\t\t\tdata-description=\"Invito alla presentazione\"\n\t\t\t\t\t\t\t\t\t\t\t\t\t\t\tclass=\"ngg-fancybox\" rel=\"486b47b4708c84a7342d7a06e4920d6e\">\n\t\t\t\n\t\t\t<img data-image-id='11'\n\t\t\t\ttitle=\"Invito alla presentazione\"\n\t\t\t\talt=\"Invito alla presentazione\"\n\t\t\t\tsrc=\"https:\/\/www.grupposalingolpe.it\/wp-content\/gallery\/pubb-fausto\/1375643_10202374401744274_1760108487_n.jpg\"\n\t\t\t\tstyle=\"max-height: 380px;\"\/>\n\t\t<\/a>\n\n\t\t\n\t\t<a href=\"https:\/\/www.grupposalingolpe.it\/wp-content\/gallery\/pubb-fausto\/1073149_10202374404744349_476591373_o.jpg\"\n\t\t\ttitle=\"Invito alla presentazione\"\n\t\t\tdata-src=\"https:\/\/www.grupposalingolpe.it\/wp-content\/gallery\/pubb-fausto\/1073149_10202374404744349_476591373_o.jpg\"\n\t\t\tdata-thumbnail=\"https:\/\/www.grupposalingolpe.it\/wp-content\/gallery\/pubb-fausto\/thumbs\/thumbs_1073149_10202374404744349_476591373_o.jpg\"\n\t\t\tdata-image-id=\"16\"\n\t\t\tdata-title=\"Invito alla presentazione\"\n\t\t\tdata-description=\"Invito alla presentazione\"\n\t\t\t\t\t\t\t\t\t\t\t\t\t\t\tclass=\"ngg-fancybox\" rel=\"486b47b4708c84a7342d7a06e4920d6e\">\n\t\t\t\n\t\t\t<img data-image-id='16'\n\t\t\t\ttitle=\"Invito alla presentazione\"\n\t\t\t\talt=\"Invito alla presentazione\"\n\t\t\t\tsrc=\"https:\/\/www.grupposalingolpe.it\/wp-content\/gallery\/pubb-fausto\/1073149_10202374404744349_476591373_o.jpg\"\n\t\t\t\tstyle=\"max-height: 380px;\"\/>\n\t\t<\/a>\n\n\t\t\n\t\t<a href=\"https:\/\/www.grupposalingolpe.it\/wp-content\/gallery\/pubb-fausto\/1381492_10202374382503793_1443678958_n.jpg\"\n\t\t\ttitle=\"\"\n\t\t\tdata-src=\"https:\/\/www.grupposalingolpe.it\/wp-content\/gallery\/pubb-fausto\/1381492_10202374382503793_1443678958_n.jpg\"\n\t\t\tdata-thumbnail=\"https:\/\/www.grupposalingolpe.it\/wp-content\/gallery\/pubb-fausto\/thumbs\/thumbs_1381492_10202374382503793_1443678958_n.jpg\"\n\t\t\tdata-image-id=\"12\"\n\t\t\tdata-title=\"Pubblicazione\"\n\t\t\tdata-description=\"\"\n\t\t\t\t\t\t\t\t\t\t\t\t\t\t\tclass=\"ngg-fancybox\" rel=\"486b47b4708c84a7342d7a06e4920d6e\">\n\t\t\t\n\t\t\t<img data-image-id='12'\n\t\t\t\ttitle=\"\"\n\t\t\t\talt=\"Pubblicazione\"\n\t\t\t\tsrc=\"https:\/\/www.grupposalingolpe.it\/wp-content\/gallery\/pubb-fausto\/1381492_10202374382503793_1443678958_n.jpg\"\n\t\t\t\tstyle=\"max-height: 380px;\"\/>\n\t\t<\/a>\n\n\t\t\n\t\t<a href=\"https:\/\/www.grupposalingolpe.it\/wp-content\/gallery\/pubb-fausto\/1403059_10202374786233886_676617265_o.jpg\"\n\t\t\ttitle=\"Pubblicazione\"\n\t\t\tdata-src=\"https:\/\/www.grupposalingolpe.it\/wp-content\/gallery\/pubb-fausto\/1403059_10202374786233886_676617265_o.jpg\"\n\t\t\tdata-thumbnail=\"https:\/\/www.grupposalingolpe.it\/wp-content\/gallery\/pubb-fausto\/thumbs\/thumbs_1403059_10202374786233886_676617265_o.jpg\"\n\t\t\tdata-image-id=\"14\"\n\t\t\tdata-title=\"Pubblicazione\"\n\t\t\tdata-description=\"Pubblicazione\"\n\t\t\t\t\t\t\t\t\t\t\t\t\t\t\tclass=\"ngg-fancybox\" rel=\"486b47b4708c84a7342d7a06e4920d6e\">\n\t\t\t\n\t\t\t<img data-image-id='14'\n\t\t\t\ttitle=\"Pubblicazione\"\n\t\t\t\talt=\"Pubblicazione\"\n\t\t\t\tsrc=\"https:\/\/www.grupposalingolpe.it\/wp-content\/gallery\/pubb-fausto\/1403059_10202374786233886_676617265_o.jpg\"\n\t\t\t\tstyle=\"max-height: 380px;\"\/>\n\t\t<\/a>\n\n\t\t\n\t\t<a href=\"https:\/\/www.grupposalingolpe.it\/wp-content\/gallery\/pubb-fausto\/1402797_10202374798354189_54891355_o.jpg\"\n\t\t\ttitle=\"Processione anni Sessanta circa\"\n\t\t\tdata-src=\"https:\/\/www.grupposalingolpe.it\/wp-content\/gallery\/pubb-fausto\/1402797_10202374798354189_54891355_o.jpg\"\n\t\t\tdata-thumbnail=\"https:\/\/www.grupposalingolpe.it\/wp-content\/gallery\/pubb-fausto\/thumbs\/thumbs_1402797_10202374798354189_54891355_o.jpg\"\n\t\t\tdata-image-id=\"10\"\n\t\t\tdata-title=\"Processione anni Sessanta circa\"\n\t\t\tdata-description=\"Processione anni Sessanta circa\"\n\t\t\t\t\t\t\t\t\t\t\t\t\t\t\tclass=\"ngg-fancybox\" rel=\"486b47b4708c84a7342d7a06e4920d6e\">\n\t\t\t\n\t\t\t<img data-image-id='10'\n\t\t\t\ttitle=\"Processione anni Sessanta circa\"\n\t\t\t\talt=\"Processione anni Sessanta circa\"\n\t\t\t\tsrc=\"https:\/\/www.grupposalingolpe.it\/wp-content\/gallery\/pubb-fausto\/1402797_10202374798354189_54891355_o.jpg\"\n\t\t\t\tstyle=\"max-height: 380px;\"\/>\n\t\t<\/a>\n\n\t\t\n\t\t<a href=\"https:\/\/www.grupposalingolpe.it\/wp-content\/gallery\/pubb-fausto\/1402397_10202374814114583_974158213_o.jpg\"\n\t\t\ttitle=\"Presentazione in Regione Toscana\"\n\t\t\tdata-src=\"https:\/\/www.grupposalingolpe.it\/wp-content\/gallery\/pubb-fausto\/1402397_10202374814114583_974158213_o.jpg\"\n\t\t\tdata-thumbnail=\"https:\/\/www.grupposalingolpe.it\/wp-content\/gallery\/pubb-fausto\/thumbs\/thumbs_1402397_10202374814114583_974158213_o.jpg\"\n\t\t\tdata-image-id=\"13\"\n\t\t\tdata-title=\"Presentazione in Regione Toscana\"\n\t\t\tdata-description=\"Presentazione in Regione Toscana\"\n\t\t\t\t\t\t\t\t\t\t\t\t\t\t\tclass=\"ngg-fancybox\" rel=\"486b47b4708c84a7342d7a06e4920d6e\">\n\t\t\t\n\t\t\t<img data-image-id='13'\n\t\t\t\ttitle=\"Presentazione in Regione Toscana\"\n\t\t\t\talt=\"Presentazione in Regione Toscana\"\n\t\t\t\tsrc=\"https:\/\/www.grupposalingolpe.it\/wp-content\/gallery\/pubb-fausto\/1402397_10202374814114583_974158213_o.jpg\"\n\t\t\t\tstyle=\"max-height: 380px;\"\/>\n\t\t<\/a>\n\n\t\t\n\t\t<a href=\"https:\/\/www.grupposalingolpe.it\/wp-content\/gallery\/pubb-fausto\/1425273_10202762624369597_1937781608_o-1.jpg\"\n\t\t\ttitle=\"Presentazione in Regione Toscana\"\n\t\t\tdata-src=\"https:\/\/www.grupposalingolpe.it\/wp-content\/gallery\/pubb-fausto\/1425273_10202762624369597_1937781608_o-1.jpg\"\n\t\t\tdata-thumbnail=\"https:\/\/www.grupposalingolpe.it\/wp-content\/gallery\/pubb-fausto\/thumbs\/thumbs_1425273_10202762624369597_1937781608_o-1.jpg\"\n\t\t\tdata-image-id=\"18\"\n\t\t\tdata-title=\"Presentazione in Regione Toscana\"\n\t\t\tdata-description=\"Presentazione in Regione Toscana\"\n\t\t\t\t\t\t\t\t\t\t\t\t\t\t\tclass=\"ngg-fancybox\" rel=\"486b47b4708c84a7342d7a06e4920d6e\">\n\t\t\t\n\t\t\t<img data-image-id='18'\n\t\t\t\ttitle=\"Presentazione in Regione Toscana\"\n\t\t\t\talt=\"Presentazione in Regione Toscana\"\n\t\t\t\tsrc=\"https:\/\/www.grupposalingolpe.it\/wp-content\/gallery\/pubb-fausto\/1425273_10202762624369597_1937781608_o-1.jpg\"\n\t\t\t\tstyle=\"max-height: 380px;\"\/>\n\t\t<\/a>\n\n\t\t\n\t\t<a href=\"https:\/\/www.grupposalingolpe.it\/wp-content\/gallery\/pubb-fausto\/904355_10202374830795000_1032042020_o.jpg\"\n\t\t\ttitle=\"Presentazione in Regione Toscana\"\n\t\t\tdata-src=\"https:\/\/www.grupposalingolpe.it\/wp-content\/gallery\/pubb-fausto\/904355_10202374830795000_1032042020_o.jpg\"\n\t\t\tdata-thumbnail=\"https:\/\/www.grupposalingolpe.it\/wp-content\/gallery\/pubb-fausto\/thumbs\/thumbs_904355_10202374830795000_1032042020_o.jpg\"\n\t\t\tdata-image-id=\"15\"\n\t\t\tdata-title=\"Presentazione in Regione Toscana\"\n\t\t\tdata-description=\"Presentazione in Regione Toscana\"\n\t\t\t\t\t\t\t\t\t\t\t\t\t\t\tclass=\"ngg-fancybox\" rel=\"486b47b4708c84a7342d7a06e4920d6e\">\n\t\t\t\n\t\t\t<img data-image-id='15'\n\t\t\t\ttitle=\"Presentazione in Regione Toscana\"\n\t\t\t\talt=\"Presentazione in Regione Toscana\"\n\t\t\t\tsrc=\"https:\/\/www.grupposalingolpe.it\/wp-content\/gallery\/pubb-fausto\/904355_10202374830795000_1032042020_o.jpg\"\n\t\t\t\tstyle=\"max-height: 380px;\"\/>\n\t\t<\/a>\n\n\t\t\n\t\t<a href=\"https:\/\/www.grupposalingolpe.it\/wp-content\/gallery\/pubb-fausto\/San-Fausto.jpg\"\n\t\t\ttitle=\"Reliquiario di San Fausto (1661)\"\n\t\t\tdata-src=\"https:\/\/www.grupposalingolpe.it\/wp-content\/gallery\/pubb-fausto\/San-Fausto.jpg\"\n\t\t\tdata-thumbnail=\"https:\/\/www.grupposalingolpe.it\/wp-content\/gallery\/pubb-fausto\/thumbs\/thumbs_San-Fausto.jpg\"\n\t\t\tdata-image-id=\"17\"\n\t\t\tdata-title=\"Reliquiario di San Fausto (1661)\"\n\t\t\tdata-description=\"Reliquiario di San Fausto (1661)\"\n\t\t\t\t\t\t\t\t\t\t\t\t\t\t\tclass=\"ngg-fancybox\" rel=\"486b47b4708c84a7342d7a06e4920d6e\">\n\t\t\t\n\t\t\t<img data-image-id='17'\n\t\t\t\ttitle=\"Reliquiario di San Fausto (1661)\"\n\t\t\t\talt=\"Reliquiario di San Fausto (1661)\"\n\t\t\t\tsrc=\"https:\/\/www.grupposalingolpe.it\/wp-content\/gallery\/pubb-fausto\/San-Fausto.jpg\"\n\t\t\t\tstyle=\"max-height: 380px;\"\/>\n\t\t<\/a>\n\n\t\t<\/div>\n\n\n<\/p>\n","protected":false},"excerpt":{"rendered":"<p>L&#8217;ARRIVO DELLE RELIQUIE E LA GENESI DEL CULTO Il saggio storico \u00e8 il risultato di un&#8217;attenta ed analitica ricerca sulle antiche documentazioni locali, prodotte dalle soppresse compagnie religiose (secc. XV-XVIII) di Castellina in Chianti.\u00a0Le ricerche condotte dal dott. Vito De Meo hanno permesso l\u201findividuazione di documenti inediti, per la prima volta individuati e studiati, inerenti il culto di san Fausto Martire, attuale patrono del paese, apportando significativi contributi. Pochissimo si sapeva in termini storici dell&#8217;arrivo di queste reliquie, destinate fin da subito alla profonda adorazione. Il presente studio, dunque, intende offrire un valido contributo sul periodo in cui furono donate le reliquie, da chi esattamente, quali le condizioni imposte per beneficiare della donazione, quando inizi\u00f2 a divenire ricorrenza frequente la festa in onore di san Fausto. E ancora, chi esattamente della nobile famiglia fiorentina degli Ugolini don\u00f2 a Castellina il suo Protettore? Che ruolo ebbe nella societ\u00e0 del Seicento? Come mai l&#8217;origine di san Fausto si colloca proprio al Cerreto e non in altra localit\u00e0? Questi e tanti altri aspetti finora irrisolti sono svelati con rigore scientifico, attraverso il rinvenimento di importanti documenti d&#8217;archivio inediti che consentono, finalmente, di ricostruire per la prima volta l&#8217;arrivo delle reliquie e la genesi [&hellip;]<\/p>\n","protected":false},"author":1,"featured_media":8,"parent":21,"menu_order":1,"comment_status":"open","ping_status":"open","template":"","meta":{"ngg_post_thumbnail":0,"footnotes":""},"class_list":["post-195","page","type-page","status-publish","has-post-thumbnail","hentry"],"_links":{"self":[{"href":"https:\/\/www.grupposalingolpe.it\/index.php?rest_route=\/wp\/v2\/pages\/195","targetHints":{"allow":["GET"]}}],"collection":[{"href":"https:\/\/www.grupposalingolpe.it\/index.php?rest_route=\/wp\/v2\/pages"}],"about":[{"href":"https:\/\/www.grupposalingolpe.it\/index.php?rest_route=\/wp\/v2\/types\/page"}],"author":[{"embeddable":true,"href":"https:\/\/www.grupposalingolpe.it\/index.php?rest_route=\/wp\/v2\/users\/1"}],"replies":[{"embeddable":true,"href":"https:\/\/www.grupposalingolpe.it\/index.php?rest_route=%2Fwp%2Fv2%2Fcomments&post=195"}],"version-history":[{"count":6,"href":"https:\/\/www.grupposalingolpe.it\/index.php?rest_route=\/wp\/v2\/pages\/195\/revisions"}],"predecessor-version":[{"id":391,"href":"https:\/\/www.grupposalingolpe.it\/index.php?rest_route=\/wp\/v2\/pages\/195\/revisions\/391"}],"up":[{"embeddable":true,"href":"https:\/\/www.grupposalingolpe.it\/index.php?rest_route=\/wp\/v2\/pages\/21"}],"wp:featuredmedia":[{"embeddable":true,"href":"https:\/\/www.grupposalingolpe.it\/index.php?rest_route=\/wp\/v2\/media\/8"}],"wp:attachment":[{"href":"https:\/\/www.grupposalingolpe.it\/index.php?rest_route=%2Fwp%2Fv2%2Fmedia&parent=195"}],"curies":[{"name":"wp","href":"https:\/\/api.w.org\/{rel}","templated":true}]}}