{"id":15,"date":"2014-08-07T14:16:27","date_gmt":"2014-08-07T12:16:27","guid":{"rendered":"http:\/\/www.grupposalingolpe.it\/?page_id=15"},"modified":"2020-02-15T12:27:49","modified_gmt":"2020-02-15T11:27:49","slug":"statuto","status":"publish","type":"page","link":"https:\/\/www.grupposalingolpe.it\/?page_id=15","title":{"rendered":"Statuto"},"content":{"rendered":"<p style=\"text-align: center;\"><strong>GRUPPO ARCHEOLOGICO SALINGOLPE<\/strong><\/p>\n<p style=\"text-align: center;\">C\/o Campo Sportivo, Via dello Sport, 53011 Castellina in Chianti (SI)<\/p>\n<p style=\"text-align: center;\">C. F. 92004760523; Iscrizione Albo Regionale del Volontariato L.22\/91 &#8211; L.RT 28\/93 &#8211; DPRG\/D.D. n\u00b0393 del 27.05.1993<\/p>\n<p>&nbsp;<\/p>\n<p>&nbsp;<\/p>\n<p style=\"text-align: center;\"><strong>STATUTO<\/strong><\/p>\n<p>&nbsp;<\/p>\n<p><strong>ART. 1<\/strong><\/p>\n<ol>\n<li>Si costituisce nel 1987 in Castellina in Chianti (SI) il \u201cGruppo Archeologico Salingolpe\u201d ad opera dei fondatori Bianciardi Massimo, Brogi Lorenzo, Bucciarelli Michele, Cappelletti Mario, Ferstel Claire, Francini Franco, Manganelli Roberto, Morelli Gianni, Mucciarelli Marco, Rusci Remo, Silei Remo.<\/li>\n<\/ol>\n<p><strong>ART. 2 <\/strong><\/p>\n<ol>\n<li>L&#8217;Associazione culturale \u201cGruppo Archeologico Salingolpe\u201d, che non persegue finalit\u00e0 di lucro, \u00e8 un centro permanente di vita a carattere democratico, apolitico e apartitico. Un sodalizio volontario di persone attente alla tutela e alla promozione del Patrimonio Culturale afferente all&#8217;area geografica del Chianti Storico e con particolar riguardo al territorio e alla comunit\u00e0 di Castellina in Chianti.<\/li>\n<\/ol>\n<p><strong>ART. 3 &#8211; ATTIVITA&#8217;<\/strong><\/p>\n<p>Per la realizzazione dei suoi scopi, l\u2019Associazione effettua le seguenti attivit\u00e0:<\/p>\n<p><strong>a.<\/strong> Salvaguardia, valorizzazione, studio e ricerca del patrimonio archeologico, paesaggistico e storico-artistico (di cui al decreto legislativo 22 gennaio 2004, n.42, Codice dei Beni Culturali e del Paesaggio, e successive modificazioni e integrazioni) del territorio del Chianti Storico;<\/p>\n<p><strong>b.<\/strong> Promozione, partecipazione e\/o co-gestione, solo se in accordo con le Autorit\u00e0 preposte, di campagne di scavo archeologico, quindi attivit\u00e0 di scavo e ausilio per le operazioni a esso connesse: preparazione cantiere, raccolta, catalogazione e pulitura di reperti, trasporto e stoccaggio degli stessi, inventariazione dei materiali, attivit\u00e0 di rilievo grafico e fotografico;<\/p>\n<p><strong>c.<\/strong> Ricognizioni, sopralluoghi ed escursioni nel territorio;<\/p>\n<p><strong>d.<\/strong> Favorire, promuovere e organizzare iniziative di turismo sociale e giovanile nel campo dei Beni Culturali e Ambientali;<\/p>\n<p><strong>e.<\/strong> Promuovere e organizzare attivit\u00e0 divulgative e di formazione culturale o professionale per gli associati nell&#8217;ambito dei Beni Culturali e Ambientali;<\/p>\n<p><strong>f.<\/strong> Tutela e valorizzazione della natura, dell\u2019ambiente e del paesaggio;<\/p>\n<p><strong>g.<\/strong> Diffusione fra i cittadini, in particolare tra i giovani e nella scuola, dell\u2019interesse per i Beni Culturali e l\u2019Ambiente. Allo stesso modo si contribuisce alla formazione di una pubblica opinione informata sui Beni Culturali, anche critica e propositiva;<\/p>\n<p><strong>h.<\/strong> Organizzazione e promozione di eventi: incontri, conferenze, convegni, esposizioni temporanee o permanenti, ricerche, pubblicazioni editoriali cartacee, digitali o audiovisive che possano approfondire e diffondere la storia, anche contemporanea, del Chianti Storico (Castellina, Radda e Gaiole in Chianti);<\/p>\n<p><strong>i.<\/strong> Consulenza e ausilio in caso di rinvenimenti fortuiti di Beni Culturali;<\/p>\n<p><strong>l.<\/strong> Integrazione e collaborazione con Fondazioni, Enti e Istituzioni pubbliche (Soprintendenze, Regioni, Province e Comuni) e private per il perseguimento degli scopi suddetti.<\/p>\n<p><strong>ART. 4 &#8211; SOCI<\/strong><\/p>\n<p><strong>a.<\/strong> Possono far parte dell\u2019associazione in numero illimitato tutti coloro che si riconoscono nello Statuto e intendono collaborare per il raggiungimento dello scopo sociale. Possono chiedere di essere ammessi come soci sia le persone fisiche sia le persone giuridiche, Enti locali, organizzazioni di consumatori, istituti di ricerca, associazioni di fatto, mediante inoltro di domanda scritta sulla quale decide, in modo insindacabile e senza obbligo di motivazione, il Consiglio Direttivo.<\/p>\n<p><strong>b<\/strong>.<strong>&nbsp;<\/strong>Categorie di Soci:<\/p>\n<ul>\n<li><u>Soci ordinari:<\/u> Sono coloro che aderiscono all\u2019Associazione versando regolarmente la quota annuale. Esercitano il diritto di voto (che pu\u00f2 essere delegato solo per l\u2019approvazione del bilancio sociale) e possono convocare, nei modi indicati dal presente Statuto, l\u2019assemblea associativa. Il mancato pagamento della quota associativa annuale comporta la decadenza da socio ordinario e in ogni caso non \u00e8 possibile ottenere rimborso, trasmissibilit\u00e0 o rivalutazione della quota associativa.<\/li>\n<li><u>Soci simpatizzanti<\/u>: categoria riservata esclusivamente ai giovani e giovanissimi, studenti o non, anche minorenni e di et\u00e0 non superiore ai 26 anni. I soci simpatizzanti sono esentati dal pagamento della quota annuale ma non hanno diritto di voto e non possono essere eletti a ricoprire cariche statutarie.<\/li>\n<li><u>Soci onorari<\/u>: la qualifica di socio onorario \u00e8 concessa, a parere unanime del Consiglio Direttivo, a quei soggetti che abbiano significativamente contribuito alla diffusione e al progresso della storia locale del Chianti o al potenziamento e all&#8217;affermazione del Gruppo Archeologico Salingolpe. Sono esentati dal versamento della quota annuale ma non hanno diritto di voto e non possono essere eletti a ricoprire cariche statutarie.<\/li>\n<\/ul>\n<p><strong>c.<\/strong> <strong>Esclusione dei soci e procedimento di ricorso<\/strong><br \/>\nLa qualifica di socio si perde per: dimissioni volontarie; morosit\u00e0 nel pagamento della quota annuale o per esclusione deliberata dall&#8217;Assemblea a seguito di proposta del Direttivo. L\u2019Assemblea, in via temporanea o cautelativa e con voto della maggioranza dei presenti, pu\u00f2 sospendere il socio soltanto per due motivi: per aver commesso reati contro i Beni Culturali italiani o per azioni e comportamenti tali da determinare \u2013 di fatto o potenzialmente \u2013 danni gravi e irreparabili all\u2019Associazione anche sotto il profilo dell\u2019immagine e dell\u2019autorevolezza. Il Consiglio Direttivo nei casi che lo necessitano pu\u00f2 inviare al socio richiami scritti prima di chiamare l\u2019Assemblea a deliberare sull&#8217;esclusione o meno dello stesso.&nbsp;In caso di deliberata esclusione, il socio colpito da tale provvedimento pu\u00f2 presentare ricorso entro 60 giorni dalla deliberazione, inviando la richiesta al Presidente che sottoporr\u00e0 il caso nuovamente alla prima assemblea ordinaria. L\u2019Assemblea recepir\u00e0 la richiesta, ne discuter\u00e0 e a maggioranza dei presenti deliberer\u00e0 se confermare l\u2019esclusione o annullarla. Il socio colpito da provvedimento di esclusione pu\u00f2 presentare domanda di ricorso fino a un massimo di tre volte, e la decisione dell\u2019ultima deliberazione dell\u2019Assemblea (cio\u00e8 la terza) sar\u00e0 definitiva e insindacabile.<\/p>\n<p><strong>&nbsp;<\/strong><strong>ART. 5 &#8211; L&#8217;Assemblea dei Soci<\/strong><\/p>\n<ol>\n<li>L&#8217;Assemblea, costituita da tutti i Soci, provvede a:<br \/>\n<strong>a.<\/strong> Eleggere il Consiglio Direttivo;<br \/>\n<strong>b.<\/strong> Approvare il rendiconto economico dell&#8217;attivit\u00e0 svolta nell&#8217;anno trascorso;<br \/>\n<strong>c.<\/strong> Esaminare, almeno una volta l&#8217;anno, il programma di lavoro futuro, le relative voci di spesa e la copertura finanziaria<\/li>\n<\/ol>\n<p>&nbsp;<\/p>\n<p style=\"padding-left: 40px;\"><strong>2.<\/strong> Le deliberazioni dell&#8217;Assemblea sono prese a maggioranza dei voti e con la presenza dei 2\/3 dei Soci in prima convocazione. In seconda convocazione, l\u2019Assemblea \u00e8 valida qualunque sia il numero di soci presenti e assume le deliberazioni a maggioranza assoluta. Esclusivamente per l\u2019approvazione del bilancio sociale, sono ammesse le deleghe da parte dei Soci non presenti.<br \/>\nPer le modifiche statutarie, in prima convocazione \u00e8 necessaria la presenza dei 2\/3 dei Soci e di almeno 4\/5 del Consiglio Direttivo. In seconda convocazione l\u2019Assemblea \u00e8 valida qualunque sia il numero dei soci presenti e assume le deliberazioni a maggioranza assoluta degli stessi.<\/p>\n<p style=\"padding-left: 40px;\"><strong>3.<\/strong> L\u2019Assemblea dei Soci \u00e8 indetta una volta l\u2019anno, salvo casi eccezionali o emergenziali o di forte indebolimento dell\u2019attivit\u00e0 associativa, fermo restando l\u2019obbligo di convocarla il prima possibile su richiesta scritta di almeno 1\/5 dei soci.<\/p>\n<p style=\"padding-left: 40px;\"><strong>4.<\/strong> La convocazione dell\u2019Assemblea dei Soci avviene con un preavviso minimo di 15 giorni solari e mediante e-mail. Nei casi in cui il socio non disponga di una casella di posta elettronica o della necessaria padronanza del mezzo informatico, si provveder\u00e0 ad avvisarlo con la tradizionale forma cartacea per posta prioritaria semplice. La convocazione verr\u00e0 affissa nella bacheca dell\u2019Associazione, sul sito internet istituzionale e sui social network, se esistenti.<\/p>\n<p>&nbsp;<\/p>\n<p><strong>ART. 6 &#8211; Il Consiglio Direttivo<\/strong><\/p>\n<ol>\n<li>Il Consiglio Direttivo, costituito da minimo 5 Soci eletti in Assemblea, provvede a nominare il proprio Presidente e il Segretario Economo.<\/li>\n<\/ol>\n<p>Il Consiglio Direttivo ha durata triennale e pu\u00f2 essere sfiduciato dall&#8217;Assemblea a maggioranza dei voti con la presenza dei 2\/3 dei Soci. Al Consiglio Direttivo competono le sotto indicate attivit\u00e0:<\/p>\n<p style=\"padding-left: 40px;\"><strong>a.<\/strong> Attua le delibere dell&#8217;Assemblea;<\/p>\n<p style=\"padding-left: 40px;\"><strong>b<\/strong>. Gestisce l&#8217;attivit\u00e0 concreta del Gruppo Archeologico;<\/p>\n<p style=\"padding-left: 40px;\"><strong>c.<\/strong> Redige il programma di lavoro e le relative voci di spesa;<\/p>\n<p style=\"padding-left: 40px;\"><strong>d.<\/strong> Rappresenta istituzionalmente il Gruppo Archeologico;<\/p>\n<p style=\"padding-left: 40px;\"><strong>e.<\/strong> Nomina, tra i soci, persone che per la loro cultura, determinazione e impegno costituiranno la Sezione interna di \u201cricerche e studi\u201d, la quale ha lo scopo di proporre all&#8217;Associazione itinerari di ricerca storica e di contribuire all&#8217;organizzazione di iniziative a questi correlate.<\/p>\n<p style=\"padding-left: 40px;\"><strong>f.<\/strong> Nomina eventuali gruppi di lavoro ad hoc individuandone i responsabili (anche non soci);<\/p>\n<p style=\"padding-left: 40px;\"><strong>g.<\/strong> Rimpiazza per cooptazione gli eventuali consiglieri dimissionari o assenti ingiustificatamente per un numero superiore alla met\u00e0 delle riunioni convocate in un anno;<\/p>\n<p style=\"padding-left: 40px;\"><strong>h.<\/strong> Provvede a dichiarare la decadenza dei Soci che non si attengono alle norme del presente Statuto;<\/p>\n<p style=\"padding-left: 40px;\"><strong>i.<\/strong> Recepisce ed esamina le richieste di iscrizione all&#8217;Associazione.<\/p>\n<p style=\"padding-left: 40px;\"><strong>l.<\/strong> Su proposta di almeno 2\/3 dei suoi componenti, pu\u00f2 attribuire al Presidente uscente, ove non rieletto o non rieleggibile e in considerazione dei suoi meriti associativi, il titolo onorifico di \u201cPresidente emerito\u201d. Tale ruolo permette al presidente emerito di partecipare, con mansione esclusivamente consultiva, alle riunioni del Consiglio Direttivo.<\/p>\n<ol start=\"3\">\n<li>Il Consiglio Direttivo viene convocato ogni qual volta che il suo Presidente o i 3\/5 dei Consiglieri ne ravvisino l&#8217;opportunit\u00e0. Il Segretario Economo cura la contabilit\u00e0 e la cassa di cui rende conto allo stesso Consiglio Direttivo e all&#8217;Assemblea dei Soci.<\/li>\n<li>Il Presidente, che rappresenta legalmente l&#8217;Associazione e dura in carica tre anni, nomina tra i consiglieri un Vice Presidente. Oltre a presiedere l&#8217;Assemblea dei Soci e il Consiglio Direttivo, il Presidente \u00e8 anche responsabile alle comunicazioni con gli Enti e le Istituzioni, responsabile generale della Sezione interna di \u201cricerche e studi\u201d, nonch\u00e9 portavoce dell&#8217;Associazione in iniziative pubbliche e\/o conferenze stampa. Ognuno di questi ruoli pu\u00f2 essere delegato a uno o pi\u00f9 Soci dell&#8217;Associazione ma non a personalit\u00e0 estranee o comunque non iscritte al presente sodalizio culturale. Il Presidente ha facolt\u00e0 di utilizzare direttamente le risorse dell\u2019Associazione per il sovvenzionamento di ricerche o per l\u2019acquisto di strumentazioni necessarie ai compiti associativi. Tali azioni per\u00f2 dovranno essere comunicate al Consiglio Direttivo che pu\u00f2 anche non autorizzarne la spesa. In caso di acquisto di materiali che contribuiscono all&#8217;accrescimento del patrimonio mobile associativo, il Presidente \u00e8 tenuto a redigere o ad aggiornare apposito inventario da conservarsi in sede.<\/li>\n<li>Il Vice Presidente sostituisce il Presidente per delega in caso di assenza o impedimento. Rappresenta legalmente l&#8217;Associazione solo nei casi in cui \u00e8 chiamato a sostituire il Presidente.<\/li>\n<\/ol>\n<p><strong>ART. 7 &#8211; Sezione interna di Ricerche e Studi<\/strong><\/p>\n<ol>\n<li>La Sezione interna di \u201cRicerche e Studi\u201d \u00e8 un organo consultivo dell\u2019associazione composto da personalit\u00e0 esperte in vari settori delle scienze umanistiche. \u00c8 libera di autoconvocarsi e riunirsi in autonomia ogni qual volta sia necessario ed \u00e8 presieduta dal Presidente. Pu\u00f2 partecipare alle riunioni del Consiglio Direttivo ma conserva sempre un\u2019azione consultiva. I membri che ne fanno parte si muovono all&#8217;interno degli scopi e dei principi dell\u2019Associazione e offrono il loro supporto in forma libera e gratuita.<\/li>\n<li>Le nomine per entrare a far parte di questa Sezione possono essere:<br \/>\n<strong>a.<\/strong> Dirette, emanate dal Presidente o dai 4\/5 del Consiglio Direttivo;<br \/>\n<strong>b<\/strong>. Proposte, redatte per iscritto, da almeno i 2\/5 dei soci ordinari. In ogni caso spetta al Consiglio Direttivo l\u2019approvazione o il rigetto della nomina.<\/li>\n<li>Possono far parte della Sezione coloro che siano in possesso delle seguenti caratteristiche:\n<p><strong>a.<\/strong> Docenti, ricercatori, funzionari statali o locali e professionisti la cui azione e competenza si rivolge all&#8217;ampia sfera dei Beni Culturali;<br \/>\n<strong>b.<\/strong> Personalit\u00e0 non attive in ambito professionale o accademico ma che dimostrano un\u2019approfondita o specifica conoscenza storica, artistica o antropologica del territorio;<br \/>\n<strong>c.<\/strong> Personalit\u00e0 note del panorama artistico e culturale italiano purch\u00e9 partecipino alla vita associativa in modo concreto.<\/li>\n<\/ol>\n<p>&nbsp;<\/p>\n<ol start=\"4\">\n<li>Alla Sezione interna di \u201cRicerche e Studi\u201d sono attribuiti i seguenti compiti:\n<p><strong>a.<\/strong> Condivide e supporta scientificamente le attivit\u00e0 culturali realizzate dall&#8217;Associazione;<br \/>\n<strong>b.<\/strong> Offre liberamente e gratuitamente il proprio parere su ambiti di competenza e comunque in coerenza con gli scopi dell\u2019Associazione. Il Consiglio Direttivo, provveder\u00e0 informando il singolo esperto in base all&#8217;ambito disciplinare del caso specifico. I membri si impegnano, nel limite delle proprie possibilit\u00e0 di tempo a programmare anche sopralluoghi in area Chianti o presso la sede di Castellina;<br \/>\n<strong>c.<\/strong> Pu\u00f2 proporre al Consiglio Direttivo itinerari di ricerca o singole iniziative. Il Direttivo ha facolt\u00e0 di approvare o meno le richieste inoltrate dalla Sezione interna. Le proposte devono essere presentate per iscritto, indirizzate al Presidente, e contenere una descrizione sommaria del progetto, gli obiettivi che si intendono raggiungere e uno schema generale dei costi. In caso positivo, la Sezione interna individua tra i propri membri il responsabile operativo del progetto approvato e ne segue tutte le fasi, dall&#8217;ideazione alla realizzazione finale. Il Consiglio Direttivo si occuper\u00e0 unicamente delle questioni amministrative che non possono essere delegate alla Sezione oltre a reperire e stanziare le risorse finanziare necessarie per la realizzazione del progetto.<\/li>\n<\/ol>\n<p><strong>ART. 8&nbsp; <\/strong><\/p>\n<p>Il patrimonio dell\u2019Associazione \u00e8 costituito da:<\/p>\n<p><strong>a.<\/strong> I beni mobili quali attrezzature e materiali utili all&#8217;espletamento dei compiti statutari;<\/p>\n<p><strong>b.<\/strong> Contributi, donazioni ed elargizioni liberali da parte di persone fisiche o enti pubblici e privati, stanziati per il perseguimento di iniziative specifiche o per il generale mantenimento della macchina associativa;<\/p>\n<p><strong>c.<\/strong> Contributi elargiti liberamente verso lavori di ricerca pubblicati in forma editoriale, viaggi d\u2019istruzione, escursioni, corsi di formazione o singole iniziative. Ogni contributo ricavato dalla realizzazione di eventi o di pubblicazioni, sar\u00e0 reimpiegato unicamente per il buon conseguimento degli scopi associativi. Tutti i Soci operano in uno spirito di totale volontariato, verso i quali potranno essere corrisposti in via eccezionale solo rimborsi per le spese vive, purch\u00e9 documentati e provenienti da attivit\u00e0 prescritte dall&#8217;Associazione.<\/p>\n<p><strong>ART. 9<\/strong><\/p>\n<p>Le entrate del Gruppo Archeologico, secondo l\u2019art. 5, comma I, della L.266\/91, sono costituite:<\/p>\n<p><strong>a.<\/strong> Dal tesseramento dei Soci;<\/p>\n<p><strong>b.<\/strong> Dai contributi di Enti pubblici o privati e di altri soggetti giuridici, anche sotto forma di sponsorizzazioni o rimborsi derivanti da apposite convenzioni;<\/p>\n<p><strong>c.<\/strong> Dalle elargizioni volontarie per eventi o materiali prodotti nell&#8217;ambito della propria attivit\u00e0 istituzionale (es. ricerche, pubblicazioni, convegni e simili).<\/p>\n<p><strong>ART. 10<\/strong><\/p>\n<p>I Soci sono tenuti alla scrupolosa osservanza delle disposizioni di legge in merito al rinvenimento fortuito e\/o al possesso di reperti archeologici, cos\u00ec come prescritto dal Codice dei Beni Culturali (decreto legislativo n. 42 del 22 gennaio 2004).<\/p>\n<p><strong>ART. 11 \u2013 Durata e scioglimento dell\u2019Associazione<\/strong><\/p>\n<p>La durata dell\u2019Associazione \u00e8 illimitata.<br \/>\nLo scioglimento dell\u2019Associazione e la devoluzione del patrimonio pu\u00f2 essere deliberata dall&#8217;Assemblea straordinaria dei soci con il voto favorevole dei 2\/3 degli iscritti in prima convocazione o della maggioranza assoluta dei presenti, in seconda convocazione.<\/p>\n<p>All&#8217;atto dello scioglimento, ai sensi dell\u2019articolo 5, comma 4, della Legge 11 agosto 1991, n\u00b0 266, l\u2019Assemblea devolve il patrimonio dell\u2019Associazione ad altre organizzazioni non lucrative di utilit\u00e0 sociale o a fini di pubblica utilit\u00e0, sentito l\u2019organismo di controllo di cui all&#8217;articolo 3, comma 190, della legge 23 dicembre 1996, n\u00b0 622 e successive modificazioni e integrazioni, istituito con D.P.C.M. del 26 settembre 2000 e successive sostituzioni, modificazioni e integrazioni, salvo diversa destinazione imposta dalla legge.<\/p>\n<p>Per quanto non previsto dal presente Statuto, viene fatto riferimento alle norme di legge e ai regolamenti vigenti<\/p>\n<p>&nbsp;<\/p>\n<p>Castellina in Chianti,<\/p>\n<p style=\"text-align: left;\">30 ottobre 2015<\/p>\n<p style=\"text-align: left;\">&nbsp; &nbsp; &nbsp; &nbsp; &nbsp; &nbsp; &nbsp; &nbsp; &nbsp; &nbsp; &nbsp; &nbsp; &nbsp; &nbsp; &nbsp; &nbsp; &nbsp; &nbsp; &nbsp; &nbsp; &nbsp; &nbsp; &nbsp; &nbsp; &nbsp; &nbsp; &nbsp; &nbsp; &nbsp; &nbsp; &nbsp; &nbsp; &nbsp; &nbsp; &nbsp; &nbsp; &nbsp; &nbsp; &nbsp; &nbsp; &nbsp; &nbsp; &nbsp; &nbsp; &nbsp; &nbsp; &nbsp; &nbsp; &nbsp; &nbsp; &nbsp; &nbsp; &nbsp; &nbsp; &nbsp; &nbsp; &nbsp; &nbsp; &nbsp; &nbsp; &nbsp; &nbsp; &nbsp; &nbsp; &nbsp; &nbsp; &nbsp; &nbsp; &nbsp; &nbsp; &nbsp; &nbsp; &nbsp; &nbsp; &nbsp; &nbsp; &nbsp; &nbsp; &nbsp; &nbsp; &nbsp; &nbsp; &nbsp; &nbsp; &nbsp; &nbsp; &nbsp; &nbsp; &nbsp; &nbsp; &nbsp; &nbsp; &nbsp; &nbsp; &nbsp; &nbsp; &nbsp; &nbsp; &nbsp; &nbsp; &nbsp; &nbsp; &nbsp; &nbsp; &nbsp; &nbsp; &nbsp; &nbsp; &nbsp; &nbsp; &nbsp; &nbsp; &nbsp; &nbsp; &nbsp; &nbsp; &nbsp; &nbsp; &nbsp; &nbsp; &nbsp; &nbsp; &nbsp; &nbsp; &nbsp; &nbsp;<\/p>\n<p>(ultima revisione approvata)<\/p>\n","protected":false},"excerpt":{"rendered":"<p>GRUPPO ARCHEOLOGICO SALINGOLPE C\/o Campo Sportivo, Via dello Sport, 53011 Castellina in Chianti (SI) C. F. 92004760523; Iscrizione Albo Regionale del Volontariato L.22\/91 &#8211; L.RT 28\/93 &#8211; DPRG\/D.D. n\u00b0393 del 27.05.1993 &nbsp; &nbsp; STATUTO &nbsp; ART. 1 Si costituisce nel 1987 in Castellina in Chianti (SI) il \u201cGruppo Archeologico Salingolpe\u201d ad opera dei fondatori Bianciardi Massimo, Brogi Lorenzo, Bucciarelli Michele, Cappelletti Mario, Ferstel Claire, Francini Franco, Manganelli Roberto, Morelli Gianni, Mucciarelli Marco, Rusci Remo, Silei Remo. ART. 2 L&#8217;Associazione culturale \u201cGruppo Archeologico Salingolpe\u201d, che non persegue finalit\u00e0 di lucro, \u00e8 un centro permanente di vita a carattere democratico, apolitico e apartitico. Un sodalizio volontario di persone attente alla tutela e alla promozione del Patrimonio Culturale afferente all&#8217;area geografica del Chianti Storico e con particolar riguardo al territorio e alla comunit\u00e0 di Castellina in Chianti. ART. 3 &#8211; ATTIVITA&#8217; Per la realizzazione dei suoi scopi, l\u2019Associazione effettua le seguenti attivit\u00e0: a. Salvaguardia, valorizzazione, studio e ricerca del patrimonio archeologico, paesaggistico e storico-artistico (di cui al decreto legislativo 22 gennaio 2004, n.42, Codice dei Beni Culturali e del Paesaggio, e successive modificazioni e integrazioni) del territorio del Chianti Storico; b. Promozione, partecipazione e\/o co-gestione, solo se in accordo con le Autorit\u00e0 preposte, [&hellip;]<\/p>\n","protected":false},"author":1,"featured_media":0,"parent":0,"menu_order":0,"comment_status":"open","ping_status":"open","template":"","meta":{"ngg_post_thumbnail":0,"footnotes":""},"class_list":["post-15","page","type-page","status-publish","hentry"],"_links":{"self":[{"href":"https:\/\/www.grupposalingolpe.it\/index.php?rest_route=\/wp\/v2\/pages\/15","targetHints":{"allow":["GET"]}}],"collection":[{"href":"https:\/\/www.grupposalingolpe.it\/index.php?rest_route=\/wp\/v2\/pages"}],"about":[{"href":"https:\/\/www.grupposalingolpe.it\/index.php?rest_route=\/wp\/v2\/types\/page"}],"author":[{"embeddable":true,"href":"https:\/\/www.grupposalingolpe.it\/index.php?rest_route=\/wp\/v2\/users\/1"}],"replies":[{"embeddable":true,"href":"https:\/\/www.grupposalingolpe.it\/index.php?rest_route=%2Fwp%2Fv2%2Fcomments&post=15"}],"version-history":[{"count":13,"href":"https:\/\/www.grupposalingolpe.it\/index.php?rest_route=\/wp\/v2\/pages\/15\/revisions"}],"predecessor-version":[{"id":800,"href":"https:\/\/www.grupposalingolpe.it\/index.php?rest_route=\/wp\/v2\/pages\/15\/revisions\/800"}],"wp:attachment":[{"href":"https:\/\/www.grupposalingolpe.it\/index.php?rest_route=%2Fwp%2Fv2%2Fmedia&parent=15"}],"curies":[{"name":"wp","href":"https:\/\/api.w.org\/{rel}","templated":true}]}}